{"id":5061,"date":"2022-07-11T17:50:57","date_gmt":"2022-07-11T17:50:57","guid":{"rendered":"https:\/\/cnda.qc.ca\/admission\/admission-aux-eleves-internationaux\/"},"modified":"2022-07-11T17:50:57","modified_gmt":"2022-07-11T17:50:57","slug":"admission-aux-eleves-internationaux","status":"publish","type":"page","link":"https:\/\/cnda.qc.ca\/en\/admission\/admission-aux-eleves-internationaux\/","title":{"rendered":"Admission aux \u00e9l\u00e8ves internationaux"},"content":{"rendered":"<p>[et_pb_section fb_built=&#8221;1&#8243; _builder_version=&#8221;4.17.4&#8243; _module_preset=&#8221;default&#8221; global_colors_info=&#8221;{}&#8221;][et_pb_row _builder_version=&#8221;4.26.0&#8243; _module_preset=&#8221;default&#8221; global_colors_info=&#8221;{}&#8221;][et_pb_column type=&#8221;4_4&#8243; _builder_version=&#8221;4.26.0&#8243; _module_preset=&#8221;default&#8221; global_colors_info=&#8221;{}&#8221;][et_pb_text _builder_version=&#8221;4.26.0&#8243; _module_preset=&#8221;default&#8221; global_colors_info=&#8221;{}&#8221;]<\/p>\n<p>Nous sommes heureux de conna\u00eetre votre int\u00e9r\u00eat pour notre \u00e9tablissement scolaire. La demande d&#8217;admission est la premi\u00e8re \u00e9tape pour ouvrir le dossier dans notre \u00e9cole. Nous vous invitons au pr\u00e9alable \u00e0 communiquer avec nous afin de prendre les informations n\u00e9cessaires.<\/p>\n<p>Lorsque vous compl\u00e9terez le formulaire, prendre note que vous aurez besoin des documents suivants:<\/p>\n<ul>\n<li>Photo du passeport de l&#8217;\u00e9l\u00e8ve;<\/li>\n<li>Photos de passeports des parents;<\/li>\n<li>Acte de naissance;<\/li>\n<li>Lettre de r\u00e9f\u00e9rence;<\/li>\n<li>Les derniers bulletins de l&#8217;\u00e9l\u00e8ve<\/li>\n<\/ul>\n<p>Tous au long de la d\u00e9marche, nous vous invitons \u00e0 communiquer avec M.C\u00e9dric Bellerose au 1-819-293-4500 poste 2239 ou par courriel au cbellerose@educnda.com.<\/p>\n<p>&nbsp;<\/p>\n<p>[\/et_pb_text][\/et_pb_column][\/et_pb_row][et_pb_row _builder_version=&#8221;4.17.4&#8243; _module_preset=&#8221;default&#8221; global_colors_info=&#8221;{}&#8221;][et_pb_column type=&#8221;4_4&#8243; _builder_version=&#8221;4.17.4&#8243; _module_preset=&#8221;default&#8221; global_colors_info=&#8221;{}&#8221;][et_pb_wpt_gravityform gravityform_id=&#8221;gf-2&#8243; title=&#8221;off&#8221; description=&#8221;off&#8221; _builder_version=&#8221;4.27.6&#8243; _module_preset=&#8221;7e7a52e1-9056-4567-9466-9d66e5836188&#8243; hover_enabled=&#8221;0&#8243; global_colors_info=&#8221;{}&#8221; sticky_enabled=&#8221;0&#8243;][\/et_pb_wpt_gravityform][\/et_pb_column][\/et_pb_row][\/et_pb_section]<\/p>\n","protected":false},"excerpt":{"rendered":"<p>Nous sommes heureux de conna\u00eetre votre int\u00e9r\u00eat pour notre \u00e9tablissement scolaire. La demande d&#8217;admission est la premi\u00e8re \u00e9tape pour ouvrir le dossier dans notre \u00e9cole. Nous vous invitons au pr\u00e9alable \u00e0 communiquer avec nous afin de prendre les informations n\u00e9cessaires. Lorsque vous compl\u00e9terez le formulaire, prendre note que vous aurez besoin des documents suivants: Photo [&hellip;]<\/p>\n","protected":false},"author":1,"featured_media":2121,"parent":5060,"menu_order":0,"comment_status":"closed","ping_status":"closed","template":"","meta":{"_acf_changed":false,"_et_pb_use_builder":"on","_et_pb_old_content":"","_et_gb_content_width":"","footnotes":""},"class_list":["post-5061","page","type-page","status-publish","has-post-thumbnail","hentry"],"acf":[],"yoast_head":"<!-- This site is optimized with the Yoast SEO plugin v27.6 - https:\/\/yoast.com\/product\/yoast-seo-wordpress\/ -->\n<title>Admission aux \u00e9l\u00e8ves internationaux - Coll\u00e8ge Notre-Dame-de-l&#039;Assomption<\/title>\n<meta name=\"robots\" content=\"index, follow, max-snippet:-1, max-image-preview:large, max-video-preview:-1\" \/>\n<link rel=\"canonical\" href=\"https:\/\/cnda.qc.ca\/en\/admission\/admission-aux-eleves-internationaux\/\" \/>\n<meta property=\"og:locale\" content=\"en_US\" \/>\n<meta property=\"og:type\" content=\"article\" \/>\n<meta property=\"og:title\" content=\"Admission aux \u00e9l\u00e8ves internationaux - Coll\u00e8ge Notre-Dame-de-l&#039;Assomption\" \/>\n<meta property=\"og:description\" content=\"Nous sommes heureux de conna\u00eetre votre int\u00e9r\u00eat pour notre \u00e9tablissement scolaire. La demande d&#039;admission est la premi\u00e8re \u00e9tape pour ouvrir le dossier dans notre \u00e9cole. Nous vous invitons au pr\u00e9alable \u00e0 communiquer avec nous afin de prendre les informations n\u00e9cessaires. Lorsque vous compl\u00e9terez le formulaire, prendre note que vous aurez besoin des documents suivants: Photo [&hellip;]\" \/>\n<meta property=\"og:site_name\" content=\"Coll\u00e8ge Notre-Dame-de-l&#039;Assomption\" \/>\n<meta property=\"og:image\" content=\"https:\/\/cnda.qc.ca\/wp-content\/uploads\/2023\/01\/Avant-du-college.jpg\" \/>\n\t<meta property=\"og:image:width\" content=\"800\" \/>\n\t<meta property=\"og:image:height\" content=\"600\" \/>\n\t<meta property=\"og:image:type\" content=\"image\/jpeg\" \/>\n<meta name=\"twitter:card\" content=\"summary_large_image\" \/>\n<script type=\"application\/ld+json\" class=\"yoast-schema-graph\">{\"@context\":\"https:\\\/\\\/schema.org\",\"@graph\":[{\"@type\":\"WebPage\",\"@id\":\"https:\\\/\\\/cnda.qc.ca\\\/en\\\/admission\\\/admission-aux-eleves-internationaux\\\/\",\"url\":\"https:\\\/\\\/cnda.qc.ca\\\/en\\\/admission\\\/admission-aux-eleves-internationaux\\\/\",\"name\":\"Admission aux \u00e9l\u00e8ves internationaux - Coll\u00e8ge Notre-Dame-de-l&#039;Assomption\",\"isPartOf\":{\"@id\":\"https:\\\/\\\/cnda.qc.ca\\\/#website\"},\"primaryImageOfPage\":{\"@id\":\"https:\\\/\\\/cnda.qc.ca\\\/en\\\/admission\\\/admission-aux-eleves-internationaux\\\/#primaryimage\"},\"image\":{\"@id\":\"https:\\\/\\\/cnda.qc.ca\\\/en\\\/admission\\\/admission-aux-eleves-internationaux\\\/#primaryimage\"},\"thumbnailUrl\":\"https:\\\/\\\/cnda.qc.ca\\\/wp-content\\\/uploads\\\/2022\\\/07\\\/CNDA_Admission.jpg\",\"datePublished\":\"2022-07-11T17:50:57+00:00\",\"breadcrumb\":{\"@id\":\"https:\\\/\\\/cnda.qc.ca\\\/en\\\/admission\\\/admission-aux-eleves-internationaux\\\/#breadcrumb\"},\"inLanguage\":\"en-US\",\"potentialAction\":[{\"@type\":\"ReadAction\",\"target\":[\"https:\\\/\\\/cnda.qc.ca\\\/en\\\/admission\\\/admission-aux-eleves-internationaux\\\/\"]}]},{\"@type\":\"ImageObject\",\"inLanguage\":\"en-US\",\"@id\":\"https:\\\/\\\/cnda.qc.ca\\\/en\\\/admission\\\/admission-aux-eleves-internationaux\\\/#primaryimage\",\"url\":\"https:\\\/\\\/cnda.qc.ca\\\/wp-content\\\/uploads\\\/2022\\\/07\\\/CNDA_Admission.jpg\",\"contentUrl\":\"https:\\\/\\\/cnda.qc.ca\\\/wp-content\\\/uploads\\\/2022\\\/07\\\/CNDA_Admission.jpg\",\"width\":1920,\"height\":500},{\"@type\":\"BreadcrumbList\",\"@id\":\"https:\\\/\\\/cnda.qc.ca\\\/en\\\/admission\\\/admission-aux-eleves-internationaux\\\/#breadcrumb\",\"itemListElement\":[{\"@type\":\"ListItem\",\"position\":1,\"name\":\"Accueil\",\"item\":\"https:\\\/\\\/cnda.qc.ca\\\/\"},{\"@type\":\"ListItem\",\"position\":2,\"name\":\"Admission\",\"item\":\"https:\\\/\\\/cnda.qc.ca\\\/en\\\/admission\\\/\"},{\"@type\":\"ListItem\",\"position\":3,\"name\":\"Admission aux \u00e9l\u00e8ves internationaux\"}]},{\"@type\":\"WebSite\",\"@id\":\"https:\\\/\\\/cnda.qc.ca\\\/#website\",\"url\":\"https:\\\/\\\/cnda.qc.ca\\\/\",\"name\":\"Coll\u00e8ge Notre-Dame-de-l'Assomption\",\"description\":\"Coll\u00e8ge Notre-Dame-de-l&#039;Assomption\",\"publisher\":{\"@id\":\"https:\\\/\\\/cnda.qc.ca\\\/#organization\"},\"potentialAction\":[{\"@type\":\"SearchAction\",\"target\":{\"@type\":\"EntryPoint\",\"urlTemplate\":\"https:\\\/\\\/cnda.qc.ca\\\/?s={search_term_string}\"},\"query-input\":{\"@type\":\"PropertyValueSpecification\",\"valueRequired\":true,\"valueName\":\"search_term_string\"}}],\"inLanguage\":\"en-US\"},{\"@type\":\"Organization\",\"@id\":\"https:\\\/\\\/cnda.qc.ca\\\/#organization\",\"name\":\"Coll\u00e8ge Notre-Dame-de-l'Assomption\",\"url\":\"https:\\\/\\\/cnda.qc.ca\\\/\",\"logo\":{\"@type\":\"ImageObject\",\"inLanguage\":\"en-US\",\"@id\":\"https:\\\/\\\/cnda.qc.ca\\\/#\\\/schema\\\/logo\\\/image\\\/\",\"url\":\"https:\\\/\\\/cnda.qc.ca\\\/wp-content\\\/uploads\\\/2022\\\/09\\\/cropped-favicon.png\",\"contentUrl\":\"https:\\\/\\\/cnda.qc.ca\\\/wp-content\\\/uploads\\\/2022\\\/09\\\/cropped-favicon.png\",\"width\":512,\"height\":512,\"caption\":\"Coll\u00e8ge Notre-Dame-de-l'Assomption\"},\"image\":{\"@id\":\"https:\\\/\\\/cnda.qc.ca\\\/#\\\/schema\\\/logo\\\/image\\\/\"}}]}<\/script>\n<!-- \/ Yoast SEO plugin. -->","yoast_head_json":{"title":"Admission aux \u00e9l\u00e8ves internationaux - Coll\u00e8ge Notre-Dame-de-l&#039;Assomption","robots":{"index":"index","follow":"follow","max-snippet":"max-snippet:-1","max-image-preview":"max-image-preview:large","max-video-preview":"max-video-preview:-1"},"canonical":"https:\/\/cnda.qc.ca\/en\/admission\/admission-aux-eleves-internationaux\/","og_locale":"en_US","og_type":"article","og_title":"Admission aux \u00e9l\u00e8ves internationaux - Coll\u00e8ge Notre-Dame-de-l&#039;Assomption","og_description":"Nous sommes heureux de conna\u00eetre votre int\u00e9r\u00eat pour notre \u00e9tablissement scolaire. La demande d'admission est la premi\u00e8re \u00e9tape pour ouvrir le dossier dans notre \u00e9cole. Nous vous invitons au pr\u00e9alable \u00e0 communiquer avec nous afin de prendre les informations n\u00e9cessaires. Lorsque vous compl\u00e9terez le formulaire, prendre note que vous aurez besoin des documents suivants: Photo [&hellip;]","og_site_name":"Coll\u00e8ge Notre-Dame-de-l&#039;Assomption","og_image":[{"width":800,"height":600,"url":"https:\/\/cnda.qc.ca\/wp-content\/uploads\/2023\/01\/Avant-du-college.jpg","type":"image\/jpeg"}],"twitter_card":"summary_large_image","schema":{"@context":"https:\/\/schema.org","@graph":[{"@type":"WebPage","@id":"https:\/\/cnda.qc.ca\/en\/admission\/admission-aux-eleves-internationaux\/","url":"https:\/\/cnda.qc.ca\/en\/admission\/admission-aux-eleves-internationaux\/","name":"Admission aux \u00e9l\u00e8ves internationaux - Coll\u00e8ge Notre-Dame-de-l&#039;Assomption","isPartOf":{"@id":"https:\/\/cnda.qc.ca\/#website"},"primaryImageOfPage":{"@id":"https:\/\/cnda.qc.ca\/en\/admission\/admission-aux-eleves-internationaux\/#primaryimage"},"image":{"@id":"https:\/\/cnda.qc.ca\/en\/admission\/admission-aux-eleves-internationaux\/#primaryimage"},"thumbnailUrl":"https:\/\/cnda.qc.ca\/wp-content\/uploads\/2022\/07\/CNDA_Admission.jpg","datePublished":"2022-07-11T17:50:57+00:00","breadcrumb":{"@id":"https:\/\/cnda.qc.ca\/en\/admission\/admission-aux-eleves-internationaux\/#breadcrumb"},"inLanguage":"en-US","potentialAction":[{"@type":"ReadAction","target":["https:\/\/cnda.qc.ca\/en\/admission\/admission-aux-eleves-internationaux\/"]}]},{"@type":"ImageObject","inLanguage":"en-US","@id":"https:\/\/cnda.qc.ca\/en\/admission\/admission-aux-eleves-internationaux\/#primaryimage","url":"https:\/\/cnda.qc.ca\/wp-content\/uploads\/2022\/07\/CNDA_Admission.jpg","contentUrl":"https:\/\/cnda.qc.ca\/wp-content\/uploads\/2022\/07\/CNDA_Admission.jpg","width":1920,"height":500},{"@type":"BreadcrumbList","@id":"https:\/\/cnda.qc.ca\/en\/admission\/admission-aux-eleves-internationaux\/#breadcrumb","itemListElement":[{"@type":"ListItem","position":1,"name":"Accueil","item":"https:\/\/cnda.qc.ca\/"},{"@type":"ListItem","position":2,"name":"Admission","item":"https:\/\/cnda.qc.ca\/en\/admission\/"},{"@type":"ListItem","position":3,"name":"Admission aux \u00e9l\u00e8ves internationaux"}]},{"@type":"WebSite","@id":"https:\/\/cnda.qc.ca\/#website","url":"https:\/\/cnda.qc.ca\/","name":"Coll\u00e8ge Notre-Dame-de-l'Assomption","description":"Coll\u00e8ge Notre-Dame-de-l&#039;Assomption","publisher":{"@id":"https:\/\/cnda.qc.ca\/#organization"},"potentialAction":[{"@type":"SearchAction","target":{"@type":"EntryPoint","urlTemplate":"https:\/\/cnda.qc.ca\/?s={search_term_string}"},"query-input":{"@type":"PropertyValueSpecification","valueRequired":true,"valueName":"search_term_string"}}],"inLanguage":"en-US"},{"@type":"Organization","@id":"https:\/\/cnda.qc.ca\/#organization","name":"Coll\u00e8ge Notre-Dame-de-l'Assomption","url":"https:\/\/cnda.qc.ca\/","logo":{"@type":"ImageObject","inLanguage":"en-US","@id":"https:\/\/cnda.qc.ca\/#\/schema\/logo\/image\/","url":"https:\/\/cnda.qc.ca\/wp-content\/uploads\/2022\/09\/cropped-favicon.png","contentUrl":"https:\/\/cnda.qc.ca\/wp-content\/uploads\/2022\/09\/cropped-favicon.png","width":512,"height":512,"caption":"Coll\u00e8ge Notre-Dame-de-l'Assomption"},"image":{"@id":"https:\/\/cnda.qc.ca\/#\/schema\/logo\/image\/"}}]}},"_links":{"self":[{"href":"https:\/\/cnda.qc.ca\/en\/wp-json\/wp\/v2\/pages\/5061","targetHints":{"allow":["GET"]}}],"collection":[{"href":"https:\/\/cnda.qc.ca\/en\/wp-json\/wp\/v2\/pages"}],"about":[{"href":"https:\/\/cnda.qc.ca\/en\/wp-json\/wp\/v2\/types\/page"}],"author":[{"embeddable":true,"href":"https:\/\/cnda.qc.ca\/en\/wp-json\/wp\/v2\/users\/1"}],"replies":[{"embeddable":true,"href":"https:\/\/cnda.qc.ca\/en\/wp-json\/wp\/v2\/comments?post=5061"}],"version-history":[{"count":0,"href":"https:\/\/cnda.qc.ca\/en\/wp-json\/wp\/v2\/pages\/5061\/revisions"}],"up":[{"embeddable":true,"href":"https:\/\/cnda.qc.ca\/en\/wp-json\/wp\/v2\/pages\/5060"}],"wp:featuredmedia":[{"embeddable":true,"href":"https:\/\/cnda.qc.ca\/en\/wp-json\/wp\/v2\/media\/2121"}],"wp:attachment":[{"href":"https:\/\/cnda.qc.ca\/en\/wp-json\/wp\/v2\/media?parent=5061"}],"curies":[{"name":"wp","href":"https:\/\/api.w.org\/{rel}","templated":true}]}}