{"id":5065,"date":"2024-08-07T10:53:48","date_gmt":"2024-08-07T15:53:48","guid":{"rendered":"https:\/\/cnda.qc.ca\/celtiques\/"},"modified":"2024-08-07T10:53:48","modified_gmt":"2024-08-07T15:53:48","slug":"celtiques","status":"publish","type":"page","link":"https:\/\/cnda.qc.ca\/en\/celtiques\/","title":{"rendered":"Celtiques"},"content":{"rendered":"<p>[et_pb_section fb_built=&#8221;1&#8243; _builder_version=&#8221;4.26.0&#8243; _module_preset=&#8221;default&#8221; custom_padding=&#8221;0px||4px|||&#8221; global_colors_info=&#8221;{}&#8221;][et_pb_row _builder_version=&#8221;4.26.0&#8243; _module_preset=&#8221;default&#8221; global_colors_info=&#8221;{}&#8221;][et_pb_column type=&#8221;4_4&#8243; _builder_version=&#8221;4.26.0&#8243; _module_preset=&#8221;default&#8221; global_colors_info=&#8221;{}&#8221;][et_pb_text _builder_version=&#8221;4.26.0&#8243; _module_preset=&#8221;default&#8221; global_colors_info=&#8221;{}&#8221; disabled_on=&#8221;on|on|on&#8221; disabled=&#8221;on&#8221;]<\/p>\n<p>Les inscriptions pour nos \u00e9quipes sportives sont actuellement ferm\u00e9es.\u00a0<\/p>\n<p>[\/et_pb_text][\/et_pb_column][\/et_pb_row][\/et_pb_section][et_pb_section fb_built=&#8221;1&#8243; theme_builder_area=&#8221;post_content&#8221; _builder_version=&#8221;4.26.0&#8243; _module_preset=&#8221;default&#8221;][et_pb_row _builder_version=&#8221;4.26.0&#8243; _module_preset=&#8221;default&#8221; theme_builder_area=&#8221;post_content&#8221;][et_pb_column _builder_version=&#8221;4.26.0&#8243; _module_preset=&#8221;default&#8221; type=&#8221;4_4&#8243; theme_builder_area=&#8221;post_content&#8221;][et_pb_wpt_gravityform _builder_version=&#8221;4.26.0&#8243; _module_preset=&#8221;default&#8221; theme_builder_area=&#8221;post_content&#8221; gravityform_id=&#8221;gf-30&#8243; hover_enabled=&#8221;0&#8243; sticky_enabled=&#8221;0&#8243;][\/et_pb_wpt_gravityform][\/et_pb_column][\/et_pb_row][\/et_pb_section]<\/p>\n","protected":false},"excerpt":{"rendered":"<p>Les inscriptions pour nos \u00e9quipes sportives sont actuellement ferm\u00e9es.\u00a0<\/p>\n","protected":false},"author":4,"featured_media":0,"parent":0,"menu_order":0,"comment_status":"closed","ping_status":"closed","template":"","meta":{"_acf_changed":false,"_et_pb_use_builder":"on","_et_pb_old_content":"","_et_gb_content_width":"","footnotes":""},"class_list":["post-5065","page","type-page","status-publish","hentry"],"acf":[],"yoast_head":"<!-- This site is optimized with the Yoast SEO plugin v27.6 - https:\/\/yoast.com\/product\/yoast-seo-wordpress\/ -->\n<title>Celtiques - Coll\u00e8ge Notre-Dame-de-l&#039;Assomption<\/title>\n<meta name=\"robots\" content=\"index, follow, max-snippet:-1, max-image-preview:large, max-video-preview:-1\" \/>\n<link rel=\"canonical\" href=\"https:\/\/cnda.qc.ca\/en\/celtiques\/\" \/>\n<meta property=\"og:locale\" content=\"en_US\" \/>\n<meta property=\"og:type\" content=\"article\" \/>\n<meta property=\"og:title\" content=\"Celtiques - Coll\u00e8ge Notre-Dame-de-l&#039;Assomption\" \/>\n<meta property=\"og:description\" content=\"Les inscriptions pour nos \u00e9quipes sportives sont actuellement ferm\u00e9es.\u00a0\" \/>\n<meta property=\"og:site_name\" content=\"Coll\u00e8ge Notre-Dame-de-l&#039;Assomption\" \/>\n<meta property=\"og:image\" content=\"https:\/\/cnda.qc.ca\/wp-content\/uploads\/2023\/01\/Avant-du-college.jpg\" \/>\n\t<meta property=\"og:image:width\" content=\"800\" \/>\n\t<meta property=\"og:image:height\" content=\"600\" \/>\n\t<meta property=\"og:image:type\" content=\"image\/jpeg\" \/>\n<meta name=\"twitter:card\" content=\"summary_large_image\" \/>\n<script type=\"application\/ld+json\" class=\"yoast-schema-graph\">{\"@context\":\"https:\\\/\\\/schema.org\",\"@graph\":[{\"@type\":\"WebPage\",\"@id\":\"https:\\\/\\\/cnda.qc.ca\\\/en\\\/celtiques\\\/\",\"url\":\"https:\\\/\\\/cnda.qc.ca\\\/en\\\/celtiques\\\/\",\"name\":\"Celtiques - Coll\u00e8ge Notre-Dame-de-l&#039;Assomption\",\"isPartOf\":{\"@id\":\"https:\\\/\\\/cnda.qc.ca\\\/#website\"},\"datePublished\":\"2024-08-07T15:53:48+00:00\",\"breadcrumb\":{\"@id\":\"https:\\\/\\\/cnda.qc.ca\\\/en\\\/celtiques\\\/#breadcrumb\"},\"inLanguage\":\"en-US\",\"potentialAction\":[{\"@type\":\"ReadAction\",\"target\":[\"https:\\\/\\\/cnda.qc.ca\\\/en\\\/celtiques\\\/\"]}]},{\"@type\":\"BreadcrumbList\",\"@id\":\"https:\\\/\\\/cnda.qc.ca\\\/en\\\/celtiques\\\/#breadcrumb\",\"itemListElement\":[{\"@type\":\"ListItem\",\"position\":1,\"name\":\"Accueil\",\"item\":\"https:\\\/\\\/cnda.qc.ca\\\/\"},{\"@type\":\"ListItem\",\"position\":2,\"name\":\"Celtiques\"}]},{\"@type\":\"WebSite\",\"@id\":\"https:\\\/\\\/cnda.qc.ca\\\/#website\",\"url\":\"https:\\\/\\\/cnda.qc.ca\\\/\",\"name\":\"Coll\u00e8ge Notre-Dame-de-l'Assomption\",\"description\":\"Coll\u00e8ge Notre-Dame-de-l&#039;Assomption\",\"publisher\":{\"@id\":\"https:\\\/\\\/cnda.qc.ca\\\/#organization\"},\"potentialAction\":[{\"@type\":\"SearchAction\",\"target\":{\"@type\":\"EntryPoint\",\"urlTemplate\":\"https:\\\/\\\/cnda.qc.ca\\\/?s={search_term_string}\"},\"query-input\":{\"@type\":\"PropertyValueSpecification\",\"valueRequired\":true,\"valueName\":\"search_term_string\"}}],\"inLanguage\":\"en-US\"},{\"@type\":\"Organization\",\"@id\":\"https:\\\/\\\/cnda.qc.ca\\\/#organization\",\"name\":\"Coll\u00e8ge Notre-Dame-de-l'Assomption\",\"url\":\"https:\\\/\\\/cnda.qc.ca\\\/\",\"logo\":{\"@type\":\"ImageObject\",\"inLanguage\":\"en-US\",\"@id\":\"https:\\\/\\\/cnda.qc.ca\\\/#\\\/schema\\\/logo\\\/image\\\/\",\"url\":\"https:\\\/\\\/cnda.qc.ca\\\/wp-content\\\/uploads\\\/2022\\\/09\\\/cropped-favicon.png\",\"contentUrl\":\"https:\\\/\\\/cnda.qc.ca\\\/wp-content\\\/uploads\\\/2022\\\/09\\\/cropped-favicon.png\",\"width\":512,\"height\":512,\"caption\":\"Coll\u00e8ge Notre-Dame-de-l'Assomption\"},\"image\":{\"@id\":\"https:\\\/\\\/cnda.qc.ca\\\/#\\\/schema\\\/logo\\\/image\\\/\"}}]}<\/script>\n<!-- \/ Yoast SEO plugin. -->","yoast_head_json":{"title":"Celtiques - Coll\u00e8ge Notre-Dame-de-l&#039;Assomption","robots":{"index":"index","follow":"follow","max-snippet":"max-snippet:-1","max-image-preview":"max-image-preview:large","max-video-preview":"max-video-preview:-1"},"canonical":"https:\/\/cnda.qc.ca\/en\/celtiques\/","og_locale":"en_US","og_type":"article","og_title":"Celtiques - Coll\u00e8ge Notre-Dame-de-l&#039;Assomption","og_description":"Les inscriptions pour nos \u00e9quipes sportives sont actuellement ferm\u00e9es.\u00a0","og_site_name":"Coll\u00e8ge Notre-Dame-de-l&#039;Assomption","og_image":[{"width":800,"height":600,"url":"https:\/\/cnda.qc.ca\/wp-content\/uploads\/2023\/01\/Avant-du-college.jpg","type":"image\/jpeg"}],"twitter_card":"summary_large_image","schema":{"@context":"https:\/\/schema.org","@graph":[{"@type":"WebPage","@id":"https:\/\/cnda.qc.ca\/en\/celtiques\/","url":"https:\/\/cnda.qc.ca\/en\/celtiques\/","name":"Celtiques - Coll\u00e8ge Notre-Dame-de-l&#039;Assomption","isPartOf":{"@id":"https:\/\/cnda.qc.ca\/#website"},"datePublished":"2024-08-07T15:53:48+00:00","breadcrumb":{"@id":"https:\/\/cnda.qc.ca\/en\/celtiques\/#breadcrumb"},"inLanguage":"en-US","potentialAction":[{"@type":"ReadAction","target":["https:\/\/cnda.qc.ca\/en\/celtiques\/"]}]},{"@type":"BreadcrumbList","@id":"https:\/\/cnda.qc.ca\/en\/celtiques\/#breadcrumb","itemListElement":[{"@type":"ListItem","position":1,"name":"Accueil","item":"https:\/\/cnda.qc.ca\/"},{"@type":"ListItem","position":2,"name":"Celtiques"}]},{"@type":"WebSite","@id":"https:\/\/cnda.qc.ca\/#website","url":"https:\/\/cnda.qc.ca\/","name":"Coll\u00e8ge Notre-Dame-de-l'Assomption","description":"Coll\u00e8ge Notre-Dame-de-l&#039;Assomption","publisher":{"@id":"https:\/\/cnda.qc.ca\/#organization"},"potentialAction":[{"@type":"SearchAction","target":{"@type":"EntryPoint","urlTemplate":"https:\/\/cnda.qc.ca\/?s={search_term_string}"},"query-input":{"@type":"PropertyValueSpecification","valueRequired":true,"valueName":"search_term_string"}}],"inLanguage":"en-US"},{"@type":"Organization","@id":"https:\/\/cnda.qc.ca\/#organization","name":"Coll\u00e8ge Notre-Dame-de-l'Assomption","url":"https:\/\/cnda.qc.ca\/","logo":{"@type":"ImageObject","inLanguage":"en-US","@id":"https:\/\/cnda.qc.ca\/#\/schema\/logo\/image\/","url":"https:\/\/cnda.qc.ca\/wp-content\/uploads\/2022\/09\/cropped-favicon.png","contentUrl":"https:\/\/cnda.qc.ca\/wp-content\/uploads\/2022\/09\/cropped-favicon.png","width":512,"height":512,"caption":"Coll\u00e8ge Notre-Dame-de-l'Assomption"},"image":{"@id":"https:\/\/cnda.qc.ca\/#\/schema\/logo\/image\/"}}]}},"_links":{"self":[{"href":"https:\/\/cnda.qc.ca\/en\/wp-json\/wp\/v2\/pages\/5065","targetHints":{"allow":["GET"]}}],"collection":[{"href":"https:\/\/cnda.qc.ca\/en\/wp-json\/wp\/v2\/pages"}],"about":[{"href":"https:\/\/cnda.qc.ca\/en\/wp-json\/wp\/v2\/types\/page"}],"author":[{"embeddable":true,"href":"https:\/\/cnda.qc.ca\/en\/wp-json\/wp\/v2\/users\/4"}],"replies":[{"embeddable":true,"href":"https:\/\/cnda.qc.ca\/en\/wp-json\/wp\/v2\/comments?post=5065"}],"version-history":[{"count":0,"href":"https:\/\/cnda.qc.ca\/en\/wp-json\/wp\/v2\/pages\/5065\/revisions"}],"wp:attachment":[{"href":"https:\/\/cnda.qc.ca\/en\/wp-json\/wp\/v2\/media?parent=5065"}],"curies":[{"name":"wp","href":"https:\/\/api.w.org\/{rel}","templated":true}]}}