{"id":5068,"date":"2022-06-01T20:31:50","date_gmt":"2022-06-01T20:31:50","guid":{"rendered":"https:\/\/cnda.qc.ca\/contactez-nous\/"},"modified":"2022-06-01T20:31:50","modified_gmt":"2022-06-01T20:31:50","slug":"contactez-nous","status":"publish","type":"page","link":"https:\/\/cnda.qc.ca\/en\/contactez-nous\/","title":{"rendered":"Contactez-nous"},"content":{"rendered":"<p>[et_pb_section fb_built=&#8221;1&#8243; _builder_version=&#8221;4.17.6&#8243; _module_preset=&#8221;default&#8221; global_colors_info=&#8221;{}&#8221; custom_padding=&#8221;0px|||||&#8221;][et_pb_row _builder_version=&#8221;4.26.0&#8243; _module_preset=&#8221;default&#8221; custom_padding=&#8221;0px|||||&#8221;][et_pb_column _builder_version=&#8221;4.26.0&#8243; _module_preset=&#8221;default&#8221; type=&#8221;4_4&#8243;][et_pb_text _builder_version=&#8221;4.26.0&#8243; _module_preset=&#8221;default&#8221; header_font_size=&#8221;41px&#8221; hover_enabled=&#8221;0&#8243; sticky_enabled=&#8221;0&#8243;]<\/p>\n<h1>Contactez-nous!<\/h1>\n<p>[\/et_pb_text][\/et_pb_column][\/et_pb_row][et_pb_row column_structure=&#8221;1_3,2_3&#8243; _builder_version=&#8221;4.17.6&#8243; _module_preset=&#8221;default&#8221; global_colors_info=&#8221;{}&#8221; custom_margin=&#8221;-32px|auto||auto||&#8221;][et_pb_column type=&#8221;1_3&#8243; _builder_version=&#8221;4.17.6&#8243; _module_preset=&#8221;default&#8221; global_colors_info=&#8221;{}&#8221;][et_pb_text module_class=&#8221;fluid-typo&#8221; _builder_version=&#8221;4.17.6&#8243; _module_preset=&#8221;default&#8221; global_colors_info=&#8221;{}&#8221;]<\/p>\n<h3>Coll\u00e8ge Notre-Dame-de-l&#8217;Assomption<\/h3>\n<p>225, rue Saint-Jean-Baptiste<br \/>Nicolet, Qu\u00e9bec, J3T 0A2<\/p>\n<p>T\u00e9l\u00e9phone : 819 293-4500<br \/>T\u00e9l\u00e9copieur : 819 293-2099<\/p>\n<p>[\/et_pb_text][et_pb_image src=&#8221;https:\/\/cnda.qc.ca\/wp-content\/uploads\/2022\/05\/CNDA_nom-H-Couleur.svg&#8221; title_text=&#8221;CNDA_nom-H-Couleur&#8221; _builder_version=&#8221;4.17.6&#8243; _module_preset=&#8221;default&#8221; global_colors_info=&#8221;{}&#8221;][\/et_pb_image][\/et_pb_column][et_pb_column type=&#8221;2_3&#8243; _builder_version=&#8221;4.17.6&#8243; _module_preset=&#8221;default&#8221; global_colors_info=&#8221;{}&#8221;][et_pb_map address=&#8221;225 Rue St Jean Baptiste, Nicolet, QC J3T 1H4, Canada&#8221; address_lat=&#8221;46.2287385&#8243; address_lng=&#8221;-72.6213717&#8243; mobile_dragging=&#8221;off&#8221; _builder_version=&#8221;4.17.6&#8243; _module_preset=&#8221;default&#8221; min_height=&#8221;550px&#8221; height=&#8221;65vh&#8221; max_height=&#8221;650px&#8221; global_colors_info=&#8221;{}&#8221;][\/et_pb_map][\/et_pb_column][\/et_pb_row][\/et_pb_section][et_pb_section fb_built=&#8221;1&#8243; module_id=&#8221;des-questions&#8221; _builder_version=&#8221;4.17.6&#8243; _module_preset=&#8221;default&#8221; background_color=&#8221;#DEDCEA&#8221; global_colors_info=&#8221;{}&#8221;][et_pb_row _builder_version=&#8221;4.17.6&#8243; _module_preset=&#8221;default&#8221; global_colors_info=&#8221;{}&#8221;][et_pb_column type=&#8221;4_4&#8243; _builder_version=&#8221;4.17.6&#8243; _module_preset=&#8221;default&#8221; global_colors_info=&#8221;{}&#8221;][et_pb_text module_class=&#8221;fluid-typo&#8221; _builder_version=&#8221;4.17.6&#8243; _module_preset=&#8221;default&#8221; global_colors_info=&#8221;{}&#8221;]<\/p>\n<h2>Des questions?<\/h2>\n<p>Compl\u00e9tez notre formulaire en ligne!<\/p>\n<p>[\/et_pb_text][et_pb_wpt_gravityform gravityform_id=&#8221;gf-3&#8243; title=&#8221;off&#8221; description=&#8221;off&#8221; _builder_version=&#8221;4.17.6&#8243; _module_preset=&#8221;7e7a52e1-9056-4567-9466-9d66e5836188&#8243; global_colors_info=&#8221;{}&#8221;][\/et_pb_wpt_gravityform][\/et_pb_column][\/et_pb_row][\/et_pb_section]<\/p>\n","protected":false},"excerpt":{"rendered":"<p>Contactez-nous!Coll\u00e8ge Notre-Dame-de-l&#8217;Assomption 225, rue Saint-Jean-BaptisteNicolet, Qu\u00e9bec, J3T 0A2 T\u00e9l\u00e9phone : 819 293-4500T\u00e9l\u00e9copieur : 819 293-2099Des questions? Compl\u00e9tez notre formulaire en ligne!<\/p>\n","protected":false},"author":1,"featured_media":2127,"parent":0,"menu_order":0,"comment_status":"closed","ping_status":"closed","template":"","meta":{"_acf_changed":false,"_et_pb_use_builder":"on","_et_pb_old_content":"<!-- wp:divi\/placeholder \/-->","_et_gb_content_width":"","footnotes":""},"class_list":["post-5068","page","type-page","status-publish","has-post-thumbnail","hentry"],"acf":[],"yoast_head":"<!-- This site is optimized with the Yoast SEO plugin v27.6 - https:\/\/yoast.com\/product\/yoast-seo-wordpress\/ -->\n<title>Contactez-nous - Coll\u00e8ge Notre-Dame-de-l&#039;Assomption<\/title>\n<meta name=\"robots\" content=\"index, follow, max-snippet:-1, max-image-preview:large, max-video-preview:-1\" \/>\n<link rel=\"canonical\" href=\"https:\/\/cnda.qc.ca\/en\/contactez-nous\/\" \/>\n<meta property=\"og:locale\" content=\"en_US\" \/>\n<meta property=\"og:type\" content=\"article\" \/>\n<meta property=\"og:title\" content=\"Contactez-nous - Coll\u00e8ge Notre-Dame-de-l&#039;Assomption\" \/>\n<meta property=\"og:description\" content=\"Contactez-nous!Coll\u00e8ge Notre-Dame-de-l&#039;Assomption 225, rue Saint-Jean-BaptisteNicolet, Qu\u00e9bec, J3T 0A2 T\u00e9l\u00e9phone : 819 293-4500T\u00e9l\u00e9copieur : 819 293-2099Des questions? Compl\u00e9tez notre formulaire en ligne!\" \/>\n<meta property=\"og:site_name\" content=\"Coll\u00e8ge Notre-Dame-de-l&#039;Assomption\" \/>\n<meta property=\"og:image\" content=\"https:\/\/cnda.qc.ca\/wp-content\/uploads\/2023\/01\/Avant-du-college.jpg\" \/>\n\t<meta property=\"og:image:width\" content=\"800\" \/>\n\t<meta property=\"og:image:height\" content=\"600\" \/>\n\t<meta property=\"og:image:type\" content=\"image\/jpeg\" \/>\n<meta name=\"twitter:card\" content=\"summary_large_image\" \/>\n<script type=\"application\/ld+json\" class=\"yoast-schema-graph\">{\"@context\":\"https:\\\/\\\/schema.org\",\"@graph\":[{\"@type\":\"WebPage\",\"@id\":\"https:\\\/\\\/cnda.qc.ca\\\/en\\\/contactez-nous\\\/\",\"url\":\"https:\\\/\\\/cnda.qc.ca\\\/en\\\/contactez-nous\\\/\",\"name\":\"Contactez-nous - Coll\u00e8ge Notre-Dame-de-l&#039;Assomption\",\"isPartOf\":{\"@id\":\"https:\\\/\\\/cnda.qc.ca\\\/#website\"},\"primaryImageOfPage\":{\"@id\":\"https:\\\/\\\/cnda.qc.ca\\\/en\\\/contactez-nous\\\/#primaryimage\"},\"image\":{\"@id\":\"https:\\\/\\\/cnda.qc.ca\\\/en\\\/contactez-nous\\\/#primaryimage\"},\"thumbnailUrl\":\"https:\\\/\\\/cnda.qc.ca\\\/wp-content\\\/uploads\\\/2022\\\/07\\\/Le-CNDA.jpg\",\"datePublished\":\"2022-06-01T20:31:50+00:00\",\"breadcrumb\":{\"@id\":\"https:\\\/\\\/cnda.qc.ca\\\/en\\\/contactez-nous\\\/#breadcrumb\"},\"inLanguage\":\"en-US\",\"potentialAction\":[{\"@type\":\"ReadAction\",\"target\":[\"https:\\\/\\\/cnda.qc.ca\\\/en\\\/contactez-nous\\\/\"]}]},{\"@type\":\"ImageObject\",\"inLanguage\":\"en-US\",\"@id\":\"https:\\\/\\\/cnda.qc.ca\\\/en\\\/contactez-nous\\\/#primaryimage\",\"url\":\"https:\\\/\\\/cnda.qc.ca\\\/wp-content\\\/uploads\\\/2022\\\/07\\\/Le-CNDA.jpg\",\"contentUrl\":\"https:\\\/\\\/cnda.qc.ca\\\/wp-content\\\/uploads\\\/2022\\\/07\\\/Le-CNDA.jpg\",\"width\":1920,\"height\":500,\"caption\":\"Vue ext\u00e9rieure du Coll\u00e8ge Notre-Dame-de-l\u2019Assomption\"},{\"@type\":\"BreadcrumbList\",\"@id\":\"https:\\\/\\\/cnda.qc.ca\\\/en\\\/contactez-nous\\\/#breadcrumb\",\"itemListElement\":[{\"@type\":\"ListItem\",\"position\":1,\"name\":\"Accueil\",\"item\":\"https:\\\/\\\/cnda.qc.ca\\\/\"},{\"@type\":\"ListItem\",\"position\":2,\"name\":\"Contactez-nous\"}]},{\"@type\":\"WebSite\",\"@id\":\"https:\\\/\\\/cnda.qc.ca\\\/#website\",\"url\":\"https:\\\/\\\/cnda.qc.ca\\\/\",\"name\":\"Coll\u00e8ge Notre-Dame-de-l'Assomption\",\"description\":\"Coll\u00e8ge Notre-Dame-de-l&#039;Assomption\",\"publisher\":{\"@id\":\"https:\\\/\\\/cnda.qc.ca\\\/#organization\"},\"potentialAction\":[{\"@type\":\"SearchAction\",\"target\":{\"@type\":\"EntryPoint\",\"urlTemplate\":\"https:\\\/\\\/cnda.qc.ca\\\/?s={search_term_string}\"},\"query-input\":{\"@type\":\"PropertyValueSpecification\",\"valueRequired\":true,\"valueName\":\"search_term_string\"}}],\"inLanguage\":\"en-US\"},{\"@type\":\"Organization\",\"@id\":\"https:\\\/\\\/cnda.qc.ca\\\/#organization\",\"name\":\"Coll\u00e8ge Notre-Dame-de-l'Assomption\",\"url\":\"https:\\\/\\\/cnda.qc.ca\\\/\",\"logo\":{\"@type\":\"ImageObject\",\"inLanguage\":\"en-US\",\"@id\":\"https:\\\/\\\/cnda.qc.ca\\\/#\\\/schema\\\/logo\\\/image\\\/\",\"url\":\"https:\\\/\\\/cnda.qc.ca\\\/wp-content\\\/uploads\\\/2022\\\/09\\\/cropped-favicon.png\",\"contentUrl\":\"https:\\\/\\\/cnda.qc.ca\\\/wp-content\\\/uploads\\\/2022\\\/09\\\/cropped-favicon.png\",\"width\":512,\"height\":512,\"caption\":\"Coll\u00e8ge Notre-Dame-de-l'Assomption\"},\"image\":{\"@id\":\"https:\\\/\\\/cnda.qc.ca\\\/#\\\/schema\\\/logo\\\/image\\\/\"}}]}<\/script>\n<!-- \/ Yoast SEO plugin. -->","yoast_head_json":{"title":"Contactez-nous - Coll\u00e8ge Notre-Dame-de-l&#039;Assomption","robots":{"index":"index","follow":"follow","max-snippet":"max-snippet:-1","max-image-preview":"max-image-preview:large","max-video-preview":"max-video-preview:-1"},"canonical":"https:\/\/cnda.qc.ca\/en\/contactez-nous\/","og_locale":"en_US","og_type":"article","og_title":"Contactez-nous - Coll\u00e8ge Notre-Dame-de-l&#039;Assomption","og_description":"Contactez-nous!Coll\u00e8ge Notre-Dame-de-l'Assomption 225, rue Saint-Jean-BaptisteNicolet, Qu\u00e9bec, J3T 0A2 T\u00e9l\u00e9phone : 819 293-4500T\u00e9l\u00e9copieur : 819 293-2099Des questions? Compl\u00e9tez notre formulaire en ligne!","og_site_name":"Coll\u00e8ge Notre-Dame-de-l&#039;Assomption","og_image":[{"width":800,"height":600,"url":"https:\/\/cnda.qc.ca\/wp-content\/uploads\/2023\/01\/Avant-du-college.jpg","type":"image\/jpeg"}],"twitter_card":"summary_large_image","schema":{"@context":"https:\/\/schema.org","@graph":[{"@type":"WebPage","@id":"https:\/\/cnda.qc.ca\/en\/contactez-nous\/","url":"https:\/\/cnda.qc.ca\/en\/contactez-nous\/","name":"Contactez-nous - Coll\u00e8ge Notre-Dame-de-l&#039;Assomption","isPartOf":{"@id":"https:\/\/cnda.qc.ca\/#website"},"primaryImageOfPage":{"@id":"https:\/\/cnda.qc.ca\/en\/contactez-nous\/#primaryimage"},"image":{"@id":"https:\/\/cnda.qc.ca\/en\/contactez-nous\/#primaryimage"},"thumbnailUrl":"https:\/\/cnda.qc.ca\/wp-content\/uploads\/2022\/07\/Le-CNDA.jpg","datePublished":"2022-06-01T20:31:50+00:00","breadcrumb":{"@id":"https:\/\/cnda.qc.ca\/en\/contactez-nous\/#breadcrumb"},"inLanguage":"en-US","potentialAction":[{"@type":"ReadAction","target":["https:\/\/cnda.qc.ca\/en\/contactez-nous\/"]}]},{"@type":"ImageObject","inLanguage":"en-US","@id":"https:\/\/cnda.qc.ca\/en\/contactez-nous\/#primaryimage","url":"https:\/\/cnda.qc.ca\/wp-content\/uploads\/2022\/07\/Le-CNDA.jpg","contentUrl":"https:\/\/cnda.qc.ca\/wp-content\/uploads\/2022\/07\/Le-CNDA.jpg","width":1920,"height":500,"caption":"Vue ext\u00e9rieure du Coll\u00e8ge Notre-Dame-de-l\u2019Assomption"},{"@type":"BreadcrumbList","@id":"https:\/\/cnda.qc.ca\/en\/contactez-nous\/#breadcrumb","itemListElement":[{"@type":"ListItem","position":1,"name":"Accueil","item":"https:\/\/cnda.qc.ca\/"},{"@type":"ListItem","position":2,"name":"Contactez-nous"}]},{"@type":"WebSite","@id":"https:\/\/cnda.qc.ca\/#website","url":"https:\/\/cnda.qc.ca\/","name":"Coll\u00e8ge Notre-Dame-de-l'Assomption","description":"Coll\u00e8ge Notre-Dame-de-l&#039;Assomption","publisher":{"@id":"https:\/\/cnda.qc.ca\/#organization"},"potentialAction":[{"@type":"SearchAction","target":{"@type":"EntryPoint","urlTemplate":"https:\/\/cnda.qc.ca\/?s={search_term_string}"},"query-input":{"@type":"PropertyValueSpecification","valueRequired":true,"valueName":"search_term_string"}}],"inLanguage":"en-US"},{"@type":"Organization","@id":"https:\/\/cnda.qc.ca\/#organization","name":"Coll\u00e8ge Notre-Dame-de-l'Assomption","url":"https:\/\/cnda.qc.ca\/","logo":{"@type":"ImageObject","inLanguage":"en-US","@id":"https:\/\/cnda.qc.ca\/#\/schema\/logo\/image\/","url":"https:\/\/cnda.qc.ca\/wp-content\/uploads\/2022\/09\/cropped-favicon.png","contentUrl":"https:\/\/cnda.qc.ca\/wp-content\/uploads\/2022\/09\/cropped-favicon.png","width":512,"height":512,"caption":"Coll\u00e8ge Notre-Dame-de-l'Assomption"},"image":{"@id":"https:\/\/cnda.qc.ca\/#\/schema\/logo\/image\/"}}]}},"_links":{"self":[{"href":"https:\/\/cnda.qc.ca\/en\/wp-json\/wp\/v2\/pages\/5068","targetHints":{"allow":["GET"]}}],"collection":[{"href":"https:\/\/cnda.qc.ca\/en\/wp-json\/wp\/v2\/pages"}],"about":[{"href":"https:\/\/cnda.qc.ca\/en\/wp-json\/wp\/v2\/types\/page"}],"author":[{"embeddable":true,"href":"https:\/\/cnda.qc.ca\/en\/wp-json\/wp\/v2\/users\/1"}],"replies":[{"embeddable":true,"href":"https:\/\/cnda.qc.ca\/en\/wp-json\/wp\/v2\/comments?post=5068"}],"version-history":[{"count":0,"href":"https:\/\/cnda.qc.ca\/en\/wp-json\/wp\/v2\/pages\/5068\/revisions"}],"wp:featuredmedia":[{"embeddable":true,"href":"https:\/\/cnda.qc.ca\/en\/wp-json\/wp\/v2\/media\/2127"}],"wp:attachment":[{"href":"https:\/\/cnda.qc.ca\/en\/wp-json\/wp\/v2\/media?parent=5068"}],"curies":[{"name":"wp","href":"https:\/\/api.w.org\/{rel}","templated":true}]}}