{"id":5078,"date":"2022-06-01T20:29:22","date_gmt":"2022-06-01T20:29:22","guid":{"rendered":"https:\/\/cnda.qc.ca\/le-cnda\/"},"modified":"2022-06-01T20:29:22","modified_gmt":"2022-06-01T20:29:22","slug":"le-cnda","status":"publish","type":"page","link":"https:\/\/cnda.qc.ca\/en\/le-cnda\/","title":{"rendered":"Le CNDA"},"content":{"rendered":"<p>[et_pb_section fb_built=&#8221;1&#8243; _builder_version=&#8221;4.17.4&#8243; _module_preset=&#8221;default&#8221; custom_padding=&#8221;0px|||||&#8221; global_colors_info=&#8221;{}&#8221;][et_pb_row _builder_version=&#8221;4.17.4&#8243; _module_preset=&#8221;default&#8221; custom_padding=&#8221;||10px||false|false&#8221; global_colors_info=&#8221;{}&#8221;][et_pb_column type=&#8221;4_4&#8243; _builder_version=&#8221;4.17.4&#8243; _module_preset=&#8221;default&#8221; global_colors_info=&#8221;{}&#8221;][et_pb_text module_class=&#8221;fluid-typo&#8221; _builder_version=&#8221;4.17.4&#8243; _module_preset=&#8221;default&#8221; global_colors_info=&#8221;{}&#8221;]<\/p>\n<h2>Valeurs et Mission<\/h2>\n<p>[\/et_pb_text][\/et_pb_column][\/et_pb_row][et_pb_row column_structure=&#8221;1_2,1_2&#8243; _builder_version=&#8221;4.17.4&#8243; _module_preset=&#8221;default&#8221; custom_padding=&#8221;0px||0px|||&#8221; global_colors_info=&#8221;{}&#8221;][et_pb_column type=&#8221;1_2&#8243; _builder_version=&#8221;4.17.4&#8243; _module_preset=&#8221;default&#8221; global_colors_info=&#8221;{}&#8221;][et_pb_text module_class=&#8221;fluid-typo fluid-typo-highlight&#8221; _builder_version=&#8221;4.17.6&#8243; _module_preset=&#8221;default&#8221; global_colors_info=&#8221;{}&#8221;]<\/p>\n<h3>Actualisation de soi<\/h3>\n<p>D\u00e9velopper et utiliser tout son potentiel et tous ses talents.<\/p>\n<h3>Tol\u00e9rance<\/h3>\n<p>Vivre des relations humaines harmonieuses dans la dignit\u00e9 et l&#8217;\u00e9galit\u00e9.<\/p>\n<h3>Solidarit\u00e9<\/h3>\n<p>Prendre conscience de la responsabilit\u00e9 des uns par rapport aux autres.<\/p>\n<h3>Respect<\/h3>\n<p>De soi, des autres et de l&#8217;environnement.<\/p>\n<p>[\/et_pb_text][\/et_pb_column][et_pb_column type=&#8221;1_2&#8243; _builder_version=&#8221;4.17.4&#8243; _module_preset=&#8221;default&#8221; global_colors_info=&#8221;{}&#8221;][et_pb_text module_class=&#8221;fluid-typo&#8221; _builder_version=&#8221;4.17.4&#8243; _module_preset=&#8221;default&#8221; global_colors_info=&#8221;{}&#8221;]<\/p>\n<ul>\n<li>Promouvoir une formation int\u00e9grale de qualit\u00e9 en apportant un int\u00e9r\u00eat particulier \u00e0 la culture artistique et \u00e0 la qualit\u00e9 de la langue fran\u00e7aise.<\/li>\n<li>Ouvrir des portes \u00e0 l&#8217;\u00e9l\u00e8ve de toutes les couches sociales et \u00e9conomiques en offrant des mesures d&#8217;enrichissement ou d&#8217;appui p\u00e9dagogique selon ses besoins.<\/li>\n<li>Favoriser la formation de citoyen.ne.s actif.ve.s et responsables par l&#8217;engagement communautaire et la participation \u00e0 la vie culturelle et artistique du milieu nicol\u00e9tain.<\/li>\n<li>Offrir un service de r\u00e9sidence permettant \u00e0 l&#8217;\u00e9l\u00e8ve de vivre dans un milieu stable, stimulant et chaleureux, favorisant \u00e0 la fois l&#8217;apprentissage et le d\u00e9veloppement personnel.<\/li>\n<\/ul>\n<p>[\/et_pb_text][\/et_pb_column][\/et_pb_row][\/et_pb_section][et_pb_section fb_built=&#8221;1&#8243; _builder_version=&#8221;4.17.4&#8243; _module_preset=&#8221;default&#8221; background_image=&#8221;https:\/\/cnda.qc.ca\/wp-content\/uploads\/2022\/06\/Classe-groupe-avec-M-Montplaisir.jpg&#8221; parallax=&#8221;on&#8221; parallax_method=&#8221;off&#8221; custom_css_main_element=&#8221;height: clamp(350px, 50vh, 600px)!important;&#8221; global_colors_info=&#8221;{}&#8221;][\/et_pb_section][et_pb_section fb_built=&#8221;1&#8243; _builder_version=&#8221;4.17.4&#8243; _module_preset=&#8221;default&#8221; background_color=&#8221;#DEDCEA&#8221; global_colors_info=&#8221;{}&#8221;][et_pb_row column_structure=&#8221;1_2,1_4,1_4&#8243; use_custom_gutter=&#8221;on&#8221; gutter_width=&#8221;2&#8243; make_equal=&#8221;on&#8221; _builder_version=&#8221;4.17.4&#8243; _module_preset=&#8221;default&#8221; global_colors_info=&#8221;{}&#8221;][et_pb_column type=&#8221;1_2&#8243; _builder_version=&#8221;4.17.4&#8243; _module_preset=&#8221;default&#8221; global_colors_info=&#8221;{}&#8221;][et_pb_text module_class=&#8221;fluid-typo&#8221; _builder_version=&#8221;4.17.6&#8243; _module_preset=&#8221;default&#8221; min_height=&#8221;235px&#8221; custom_margin=&#8221;||48px|||&#8221; custom_padding=&#8221;||0px|||&#8221; global_colors_info=&#8221;{}&#8221;]<\/p>\n<h1 style=\"text-align: center;\"><\/h1>\n<h1 style=\"text-align: center;\"><\/h1>\n<h1 style=\"text-align: center;\"><\/h1>\n<h1 style=\"text-align: center;\"><\/h1>\n<h1 style=\"text-align: center;\"><\/h1>\n<h1 style=\"text-align: center;\"><\/h1>\n<h1 style=\"text-align: center;\"><\/h1>\n<h1 style=\"text-align: center;\"><\/h1>\n<h1 style=\"text-align: center;\"><\/h1>\n<h1 style=\"text-align: center;\"><\/h1>\n<h1 style=\"text-align: center;\">Nos Plus<\/h1>\n<p>[\/et_pb_text][\/et_pb_column][et_pb_column type=&#8221;1_4&#8243; _builder_version=&#8221;4.17.4&#8243; _module_preset=&#8221;default&#8221; global_colors_info=&#8221;{}&#8221;][et_pb_blurb use_icon=&#8221;on&#8221; font_icon=&#8221;&#xf067;||fa||900&#8243; _builder_version=&#8221;4.17.4&#8243; _module_preset=&#8221;d15afeda-dac2-417f-865a-b787c3183bc6&#8243; global_colors_info=&#8221;{}&#8221;]<\/p>\n<p>En \u00e9tudiant dans une \u00e9cole francophone au Qu\u00e9bec, l&#8217;\u00e9l\u00e8ve doit apprendre deux langues: le fran\u00e7ais et l\u2019anglais.<\/p>\n<p>[\/et_pb_blurb][\/et_pb_column][et_pb_column type=&#8221;1_4&#8243; _builder_version=&#8221;4.17.4&#8243; _module_preset=&#8221;default&#8221; global_colors_info=&#8221;{}&#8221;][et_pb_blurb use_icon=&#8221;on&#8221; font_icon=&#8221;&#xf067;||fa||900&#8243; _builder_version=&#8221;4.17.4&#8243; _module_preset=&#8221;d15afeda-dac2-417f-865a-b787c3183bc6&#8243; global_colors_info=&#8221;{}&#8221;]<\/p>\n<p>Le succ\u00e8s de nos programmes permet \u00e0 l&#8217;\u00e9l\u00e8ve d\u2019acc\u00e9der aux meilleurs \u00e9tablissements d\u2019enseignement sup\u00e9rieur.<\/p>\n<p>[\/et_pb_blurb][\/et_pb_column][\/et_pb_row][et_pb_row column_structure=&#8221;1_4,1_4,1_4,1_4&#8243; use_custom_gutter=&#8221;on&#8221; gutter_width=&#8221;2&#8243; make_equal=&#8221;on&#8221; _builder_version=&#8221;4.17.4&#8243; _module_preset=&#8221;default&#8221; global_colors_info=&#8221;{}&#8221;][et_pb_column type=&#8221;1_4&#8243; _builder_version=&#8221;4.17.4&#8243; _module_preset=&#8221;default&#8221; global_colors_info=&#8221;{}&#8221;][et_pb_blurb use_icon=&#8221;on&#8221; font_icon=&#8221;&#xf067;||fa||900&#8243; _builder_version=&#8221;4.17.4&#8243; _module_preset=&#8221;d15afeda-dac2-417f-865a-b787c3183bc6&#8243; global_colors_info=&#8221;{}&#8221;]<\/p>\n<p>Le Coll\u00e8ge Notre-Dame-de-l\u2019Assomption est situ\u00e9e dans une ville de 8000 habitants: un endroit s\u00e9curitaire pour les jeunes de 11 \u00e0 17 ans.<\/p>\n<p>[\/et_pb_blurb][\/et_pb_column][et_pb_column type=&#8221;1_4&#8243; _builder_version=&#8221;4.17.4&#8243; _module_preset=&#8221;default&#8221; global_colors_info=&#8221;{}&#8221;][et_pb_blurb use_icon=&#8221;on&#8221; font_icon=&#8221;&#xf067;||fa||900&#8243; _builder_version=&#8221;4.17.4&#8243; _module_preset=&#8221;d15afeda-dac2-417f-865a-b787c3183bc6&#8243; global_colors_info=&#8221;{}&#8221;]<\/p>\n<p>Aucune famille d\u2019accueil: l&#8217;\u00e9l\u00e8ve demeure \u00e0 l\u2019\u00e9cole avec du personnel d\u2019exp\u00e9rience form\u00e9 pour l&#8217;accompagner et l&#8217;encadrer.<\/p>\n<p>[\/et_pb_blurb][\/et_pb_column][et_pb_column type=&#8221;1_4&#8243; _builder_version=&#8221;4.17.4&#8243; _module_preset=&#8221;default&#8221; global_colors_info=&#8221;{}&#8221;][et_pb_blurb use_icon=&#8221;on&#8221; font_icon=&#8221;&#xf067;||fa||900&#8243; _builder_version=&#8221;4.17.4&#8243; _module_preset=&#8221;d15afeda-dac2-417f-865a-b787c3183bc6&#8243; global_colors_info=&#8221;{}&#8221;]<\/p>\n<p>Activit\u00e9s int\u00e9gr\u00e9es toutes les fins de semaine pour \u00e9viter l\u2019ennui chez le jeune.<\/p>\n<p>[\/et_pb_blurb][\/et_pb_column][et_pb_column type=&#8221;1_4&#8243; _builder_version=&#8221;4.17.4&#8243; _module_preset=&#8221;default&#8221; global_colors_info=&#8221;{}&#8221;][et_pb_blurb use_icon=&#8221;on&#8221; font_icon=&#8221;&#xf067;||fa||900&#8243; _builder_version=&#8221;4.17.4&#8243; _module_preset=&#8221;d15afeda-dac2-417f-865a-b787c3183bc6&#8243; global_colors_info=&#8221;{}&#8221;]<\/p>\n<p>Le Coll\u00e8ge Notre-Dame-de-l\u2019Assomption offre un soutien moral et p\u00e9dagogique pour tous les \u00e9l\u00e8ves qui en ont besoin.<\/p>\n<p>[\/et_pb_blurb][\/et_pb_column][\/et_pb_row][\/et_pb_section][et_pb_section fb_built=&#8221;1&#8243; disabled_on=&#8221;on|on|on&#8221; _builder_version=&#8221;4.17.6&#8243; _module_preset=&#8221;default&#8221; display_conditions=&#8221;W10=&#8221; disabled=&#8221;on&#8221; global_colors_info=&#8221;{}&#8221;][et_pb_row _builder_version=&#8221;4.17.4&#8243; _module_preset=&#8221;default&#8221; global_colors_info=&#8221;{}&#8221;][et_pb_column type=&#8221;4_4&#8243; _builder_version=&#8221;4.17.4&#8243; _module_preset=&#8221;default&#8221; global_colors_info=&#8221;{}&#8221;][et_pb_text module_class=&#8221;fluid-typo&#8221; _builder_version=&#8221;4.17.4&#8243; _module_preset=&#8221;default&#8221; global_colors_info=&#8221;{}&#8221;]<\/p>\n<h2>Carri\u00e8res<\/h2>\n<p>[\/et_pb_text][et_pb_blog post_type=&#8221;carrieres&#8221; show_thumbnail=&#8221;on&#8221; disabled_on=&#8221;on|on|on&#8221; _builder_version=&#8221;4.18.1&#8243; _module_preset=&#8221;328de0f4-745d-4a1e-ba84-5e7cbb7bc93c&#8221; display_conditions=&#8221;W10=&#8221; disabled=&#8221;on&#8221; global_colors_info=&#8221;{}&#8221;][\/et_pb_blog][et_pb_de_mach_archive_loop post_type_choose=&#8221;off|off|off|off|off|off|off|on|off|off&#8221; loop_layout=&#8221;2008&#8243; order_asc_desc=&#8221;DESC&#8221; equal_height=&#8221;on&#8221; columns=&#8221;3&#8243; custom_gutter_width=&#8221;on&#8221; gutter_row_gap=&#8221;50px&#8221; gutter_row_column=&#8221;50px&#8221; _builder_version=&#8221;4.18.1&#8243; _module_preset=&#8221;default&#8221; global_colors_info=&#8221;{}&#8221;][\/et_pb_de_mach_archive_loop][\/et_pb_column][\/et_pb_row][\/et_pb_section][et_pb_section fb_built=&#8221;1&#8243; _builder_version=&#8221;4.26.0&#8243; _module_preset=&#8221;default&#8221; background_color=&#8221;#2C375A&#8221; custom_padding=&#8221;||5px|||&#8221; global_colors_info=&#8221;{}&#8221;][et_pb_row column_structure=&#8221;1_2,1_2&#8243; _builder_version=&#8221;4.17.6&#8243; _module_preset=&#8221;default&#8221; custom_padding=&#8221;0px|||||&#8221; global_colors_info=&#8221;{}&#8221;][et_pb_column type=&#8221;1_2&#8243; _builder_version=&#8221;4.17.4&#8243; _module_preset=&#8221;default&#8221; global_colors_info=&#8221;{}&#8221;][et_pb_text module_class=&#8221;fluid-typo&#8221; _builder_version=&#8221;4.17.6&#8243; _module_preset=&#8221;default&#8221; link_text_color=&#8221;#2C375A&#8221; background_layout=&#8221;dark&#8221; custom_margin=&#8221;||20px||false|false&#8221; global_colors_info=&#8221;{}&#8221;]<\/p>\n<h2>Nous joindre<\/h2>\n<p>[\/et_pb_text][et_pb_text module_class=&#8221;fluid-typo&#8221; _builder_version=&#8221;4.26.0&#8243; _module_preset=&#8221;default&#8221; link_text_color=&#8221;#2C375A&#8221; background_layout=&#8221;dark&#8221; custom_margin=&#8221;||20px||false|false&#8221; global_colors_info=&#8221;{}&#8221;]<\/p>\n<p>T\u00e9l\u00e9phone: 819-293-4500<\/p>\n<p>Fax: 819-293-2099<\/p>\n<p>225, rue Saint-Jean-Baptiste, Nicolet (Qu\u00e9bec) Canada J3T 0A2<\/p>\n<p>[\/et_pb_text][et_pb_button button_url=&#8221;@ET-DC@eyJkeW5hbWljIjp0cnVlLCJjb250ZW50IjoicG9zdF9saW5rX3VybF9wYWdlIiwic2V0dGluZ3MiOnsicG9zdF9pZCI6Ijg1In19@&#8221; button_text=&#8221;En savoir plus&#8221; _builder_version=&#8221;4.17.6&#8243; _dynamic_attributes=&#8221;button_url&#8221; _module_preset=&#8221;default&#8221; custom_button=&#8221;on&#8221; button_text_color=&#8221;#2C375A&#8221; button_bg_color=&#8221;#FFCE62&#8243; button_use_icon=&#8221;off&#8221; global_colors_info=&#8221;{}&#8221; button_bg_color__hover_enabled=&#8221;on|hover&#8221; button_bg_color__hover=&#8221;#2C375A&#8221; button_bg_enable_color__hover=&#8221;on&#8221; button_text_color__hover_enabled=&#8221;on|desktop&#8221; button_text_color__hover=&#8221;#FFC250&#8243;][\/et_pb_button][\/et_pb_column][et_pb_column type=&#8221;1_2&#8243; _builder_version=&#8221;4.17.4&#8243; _module_preset=&#8221;default&#8221; global_colors_info=&#8221;{}&#8221;][et_pb_social_media_follow use_icon_font_size=&#8221;on&#8221; icon_font_size=&#8221;30px&#8221; _builder_version=&#8221;4.17.6&#8243; _module_preset=&#8221;default&#8221; background_enable_color=&#8221;off&#8221; custom_padding=&#8221;||||false|false&#8221; border_radii=&#8221;on|0px|0px|0px|0px&#8221; global_colors_info=&#8221;{}&#8221;][et_pb_social_media_follow_network social_network=&#8221;facebook&#8221; url=&#8221;https:\/\/www.facebook.com\/CNDA.page.officielle&#8221; _builder_version=&#8221;4.17.4&#8243; _module_preset=&#8221;default&#8221; background_color=&#8221;#3b5998&#8243; global_colors_info=&#8221;{}&#8221; follow_button=&#8221;off&#8221; url_new_window=&#8221;on&#8221;]facebook[\/et_pb_social_media_follow_network][et_pb_social_media_follow_network social_network=&#8221;instagram&#8221; url=&#8221;https:\/\/www.instagram.com\/explore\/locations\/887432121\/cnda-page-officielle&#8221; _builder_version=&#8221;4.17.4&#8243; _module_preset=&#8221;default&#8221; background_color=&#8221;#ea2c59&#8243; global_colors_info=&#8221;{}&#8221; follow_button=&#8221;off&#8221; url_new_window=&#8221;on&#8221;]instagram[\/et_pb_social_media_follow_network][et_pb_social_media_follow_network social_network=&#8221;youtube&#8221; url=&#8221;https:\/\/www.youtube.com\/channel\/UCRKPGokenRQBhRgCLOhhoEA&#8221; _builder_version=&#8221;4.17.6&#8243; _module_preset=&#8221;default&#8221; background_color=&#8221;#a82400&#8243; global_colors_info=&#8221;{}&#8221; follow_button=&#8221;off&#8221; url_new_window=&#8221;on&#8221;]youtube[\/et_pb_social_media_follow_network][\/et_pb_social_media_follow][\/et_pb_column][\/et_pb_row][\/et_pb_section]<\/p>\n","protected":false},"excerpt":{"rendered":"<p>Valeurs et MissionActualisation de soi D\u00e9velopper et utiliser tout son potentiel et tous ses talents. Tol\u00e9rance Vivre des relations humaines harmonieuses dans la dignit\u00e9 et l&#8217;\u00e9galit\u00e9. Solidarit\u00e9 Prendre conscience de la responsabilit\u00e9 des uns par rapport aux autres. Respect De soi, des autres et de l&#8217;environnement. Promouvoir une formation int\u00e9grale de qualit\u00e9 en apportant un [&hellip;]<\/p>\n","protected":false},"author":1,"featured_media":2127,"parent":0,"menu_order":0,"comment_status":"closed","ping_status":"closed","template":"","meta":{"_acf_changed":false,"_et_pb_use_builder":"on","_et_pb_old_content":"<!-- wp:divi\/placeholder \/-->","_et_gb_content_width":"","footnotes":""},"class_list":["post-5078","page","type-page","status-publish","has-post-thumbnail","hentry"],"acf":[],"yoast_head":"<!-- This site is optimized with the Yoast SEO plugin v27.6 - https:\/\/yoast.com\/product\/yoast-seo-wordpress\/ -->\n<title>Le CNDA - Coll\u00e8ge Notre-Dame-de-l&#039;Assomption<\/title>\n<meta name=\"robots\" content=\"index, follow, max-snippet:-1, max-image-preview:large, max-video-preview:-1\" \/>\n<link rel=\"canonical\" href=\"https:\/\/cnda.qc.ca\/en\/le-cnda\/\" \/>\n<meta property=\"og:locale\" content=\"en_US\" \/>\n<meta property=\"og:type\" content=\"article\" \/>\n<meta property=\"og:title\" content=\"Le CNDA - Coll\u00e8ge Notre-Dame-de-l&#039;Assomption\" \/>\n<meta property=\"og:description\" content=\"Valeurs et MissionActualisation de soi D\u00e9velopper et utiliser tout son potentiel et tous ses talents. Tol\u00e9rance Vivre des relations humaines harmonieuses dans la dignit\u00e9 et l&#039;\u00e9galit\u00e9. Solidarit\u00e9 Prendre conscience de la responsabilit\u00e9 des uns par rapport aux autres. Respect De soi, des autres et de l&#039;environnement. Promouvoir une formation int\u00e9grale de qualit\u00e9 en apportant un [&hellip;]\" \/>\n<meta property=\"og:site_name\" content=\"Coll\u00e8ge Notre-Dame-de-l&#039;Assomption\" \/>\n<meta property=\"og:image\" content=\"https:\/\/cnda.qc.ca\/wp-content\/uploads\/2023\/01\/Avant-du-college.jpg\" \/>\n\t<meta property=\"og:image:width\" content=\"800\" \/>\n\t<meta property=\"og:image:height\" content=\"600\" \/>\n\t<meta property=\"og:image:type\" content=\"image\/jpeg\" \/>\n<meta name=\"twitter:card\" content=\"summary_large_image\" \/>\n<script type=\"application\/ld+json\" class=\"yoast-schema-graph\">{\"@context\":\"https:\\\/\\\/schema.org\",\"@graph\":[{\"@type\":\"WebPage\",\"@id\":\"https:\\\/\\\/cnda.qc.ca\\\/en\\\/le-cnda\\\/\",\"url\":\"https:\\\/\\\/cnda.qc.ca\\\/en\\\/le-cnda\\\/\",\"name\":\"Le CNDA - Coll\u00e8ge Notre-Dame-de-l&#039;Assomption\",\"isPartOf\":{\"@id\":\"https:\\\/\\\/cnda.qc.ca\\\/#website\"},\"primaryImageOfPage\":{\"@id\":\"https:\\\/\\\/cnda.qc.ca\\\/en\\\/le-cnda\\\/#primaryimage\"},\"image\":{\"@id\":\"https:\\\/\\\/cnda.qc.ca\\\/en\\\/le-cnda\\\/#primaryimage\"},\"thumbnailUrl\":\"https:\\\/\\\/cnda.qc.ca\\\/wp-content\\\/uploads\\\/2022\\\/07\\\/Le-CNDA.jpg\",\"datePublished\":\"2022-06-01T20:29:22+00:00\",\"breadcrumb\":{\"@id\":\"https:\\\/\\\/cnda.qc.ca\\\/en\\\/le-cnda\\\/#breadcrumb\"},\"inLanguage\":\"en-US\",\"potentialAction\":[{\"@type\":\"ReadAction\",\"target\":[\"https:\\\/\\\/cnda.qc.ca\\\/en\\\/le-cnda\\\/\"]}]},{\"@type\":\"ImageObject\",\"inLanguage\":\"en-US\",\"@id\":\"https:\\\/\\\/cnda.qc.ca\\\/en\\\/le-cnda\\\/#primaryimage\",\"url\":\"https:\\\/\\\/cnda.qc.ca\\\/wp-content\\\/uploads\\\/2022\\\/07\\\/Le-CNDA.jpg\",\"contentUrl\":\"https:\\\/\\\/cnda.qc.ca\\\/wp-content\\\/uploads\\\/2022\\\/07\\\/Le-CNDA.jpg\",\"width\":1920,\"height\":500,\"caption\":\"Vue ext\u00e9rieure du Coll\u00e8ge Notre-Dame-de-l\u2019Assomption\"},{\"@type\":\"BreadcrumbList\",\"@id\":\"https:\\\/\\\/cnda.qc.ca\\\/en\\\/le-cnda\\\/#breadcrumb\",\"itemListElement\":[{\"@type\":\"ListItem\",\"position\":1,\"name\":\"Accueil\",\"item\":\"https:\\\/\\\/cnda.qc.ca\\\/\"},{\"@type\":\"ListItem\",\"position\":2,\"name\":\"Le CNDA\"}]},{\"@type\":\"WebSite\",\"@id\":\"https:\\\/\\\/cnda.qc.ca\\\/#website\",\"url\":\"https:\\\/\\\/cnda.qc.ca\\\/\",\"name\":\"Coll\u00e8ge Notre-Dame-de-l'Assomption\",\"description\":\"Coll\u00e8ge Notre-Dame-de-l&#039;Assomption\",\"publisher\":{\"@id\":\"https:\\\/\\\/cnda.qc.ca\\\/#organization\"},\"potentialAction\":[{\"@type\":\"SearchAction\",\"target\":{\"@type\":\"EntryPoint\",\"urlTemplate\":\"https:\\\/\\\/cnda.qc.ca\\\/?s={search_term_string}\"},\"query-input\":{\"@type\":\"PropertyValueSpecification\",\"valueRequired\":true,\"valueName\":\"search_term_string\"}}],\"inLanguage\":\"en-US\"},{\"@type\":\"Organization\",\"@id\":\"https:\\\/\\\/cnda.qc.ca\\\/#organization\",\"name\":\"Coll\u00e8ge Notre-Dame-de-l'Assomption\",\"url\":\"https:\\\/\\\/cnda.qc.ca\\\/\",\"logo\":{\"@type\":\"ImageObject\",\"inLanguage\":\"en-US\",\"@id\":\"https:\\\/\\\/cnda.qc.ca\\\/#\\\/schema\\\/logo\\\/image\\\/\",\"url\":\"https:\\\/\\\/cnda.qc.ca\\\/wp-content\\\/uploads\\\/2022\\\/09\\\/cropped-favicon.png\",\"contentUrl\":\"https:\\\/\\\/cnda.qc.ca\\\/wp-content\\\/uploads\\\/2022\\\/09\\\/cropped-favicon.png\",\"width\":512,\"height\":512,\"caption\":\"Coll\u00e8ge Notre-Dame-de-l'Assomption\"},\"image\":{\"@id\":\"https:\\\/\\\/cnda.qc.ca\\\/#\\\/schema\\\/logo\\\/image\\\/\"}}]}<\/script>\n<!-- \/ Yoast SEO plugin. -->","yoast_head_json":{"title":"Le CNDA - Coll\u00e8ge Notre-Dame-de-l&#039;Assomption","robots":{"index":"index","follow":"follow","max-snippet":"max-snippet:-1","max-image-preview":"max-image-preview:large","max-video-preview":"max-video-preview:-1"},"canonical":"https:\/\/cnda.qc.ca\/en\/le-cnda\/","og_locale":"en_US","og_type":"article","og_title":"Le CNDA - Coll\u00e8ge Notre-Dame-de-l&#039;Assomption","og_description":"Valeurs et MissionActualisation de soi D\u00e9velopper et utiliser tout son potentiel et tous ses talents. Tol\u00e9rance Vivre des relations humaines harmonieuses dans la dignit\u00e9 et l'\u00e9galit\u00e9. Solidarit\u00e9 Prendre conscience de la responsabilit\u00e9 des uns par rapport aux autres. Respect De soi, des autres et de l'environnement. Promouvoir une formation int\u00e9grale de qualit\u00e9 en apportant un [&hellip;]","og_site_name":"Coll\u00e8ge Notre-Dame-de-l&#039;Assomption","og_image":[{"width":800,"height":600,"url":"https:\/\/cnda.qc.ca\/wp-content\/uploads\/2023\/01\/Avant-du-college.jpg","type":"image\/jpeg"}],"twitter_card":"summary_large_image","schema":{"@context":"https:\/\/schema.org","@graph":[{"@type":"WebPage","@id":"https:\/\/cnda.qc.ca\/en\/le-cnda\/","url":"https:\/\/cnda.qc.ca\/en\/le-cnda\/","name":"Le CNDA - Coll\u00e8ge Notre-Dame-de-l&#039;Assomption","isPartOf":{"@id":"https:\/\/cnda.qc.ca\/#website"},"primaryImageOfPage":{"@id":"https:\/\/cnda.qc.ca\/en\/le-cnda\/#primaryimage"},"image":{"@id":"https:\/\/cnda.qc.ca\/en\/le-cnda\/#primaryimage"},"thumbnailUrl":"https:\/\/cnda.qc.ca\/wp-content\/uploads\/2022\/07\/Le-CNDA.jpg","datePublished":"2022-06-01T20:29:22+00:00","breadcrumb":{"@id":"https:\/\/cnda.qc.ca\/en\/le-cnda\/#breadcrumb"},"inLanguage":"en-US","potentialAction":[{"@type":"ReadAction","target":["https:\/\/cnda.qc.ca\/en\/le-cnda\/"]}]},{"@type":"ImageObject","inLanguage":"en-US","@id":"https:\/\/cnda.qc.ca\/en\/le-cnda\/#primaryimage","url":"https:\/\/cnda.qc.ca\/wp-content\/uploads\/2022\/07\/Le-CNDA.jpg","contentUrl":"https:\/\/cnda.qc.ca\/wp-content\/uploads\/2022\/07\/Le-CNDA.jpg","width":1920,"height":500,"caption":"Vue ext\u00e9rieure du Coll\u00e8ge Notre-Dame-de-l\u2019Assomption"},{"@type":"BreadcrumbList","@id":"https:\/\/cnda.qc.ca\/en\/le-cnda\/#breadcrumb","itemListElement":[{"@type":"ListItem","position":1,"name":"Accueil","item":"https:\/\/cnda.qc.ca\/"},{"@type":"ListItem","position":2,"name":"Le CNDA"}]},{"@type":"WebSite","@id":"https:\/\/cnda.qc.ca\/#website","url":"https:\/\/cnda.qc.ca\/","name":"Coll\u00e8ge Notre-Dame-de-l'Assomption","description":"Coll\u00e8ge Notre-Dame-de-l&#039;Assomption","publisher":{"@id":"https:\/\/cnda.qc.ca\/#organization"},"potentialAction":[{"@type":"SearchAction","target":{"@type":"EntryPoint","urlTemplate":"https:\/\/cnda.qc.ca\/?s={search_term_string}"},"query-input":{"@type":"PropertyValueSpecification","valueRequired":true,"valueName":"search_term_string"}}],"inLanguage":"en-US"},{"@type":"Organization","@id":"https:\/\/cnda.qc.ca\/#organization","name":"Coll\u00e8ge Notre-Dame-de-l'Assomption","url":"https:\/\/cnda.qc.ca\/","logo":{"@type":"ImageObject","inLanguage":"en-US","@id":"https:\/\/cnda.qc.ca\/#\/schema\/logo\/image\/","url":"https:\/\/cnda.qc.ca\/wp-content\/uploads\/2022\/09\/cropped-favicon.png","contentUrl":"https:\/\/cnda.qc.ca\/wp-content\/uploads\/2022\/09\/cropped-favicon.png","width":512,"height":512,"caption":"Coll\u00e8ge Notre-Dame-de-l'Assomption"},"image":{"@id":"https:\/\/cnda.qc.ca\/#\/schema\/logo\/image\/"}}]}},"_links":{"self":[{"href":"https:\/\/cnda.qc.ca\/en\/wp-json\/wp\/v2\/pages\/5078","targetHints":{"allow":["GET"]}}],"collection":[{"href":"https:\/\/cnda.qc.ca\/en\/wp-json\/wp\/v2\/pages"}],"about":[{"href":"https:\/\/cnda.qc.ca\/en\/wp-json\/wp\/v2\/types\/page"}],"author":[{"embeddable":true,"href":"https:\/\/cnda.qc.ca\/en\/wp-json\/wp\/v2\/users\/1"}],"replies":[{"embeddable":true,"href":"https:\/\/cnda.qc.ca\/en\/wp-json\/wp\/v2\/comments?post=5078"}],"version-history":[{"count":0,"href":"https:\/\/cnda.qc.ca\/en\/wp-json\/wp\/v2\/pages\/5078\/revisions"}],"wp:featuredmedia":[{"embeddable":true,"href":"https:\/\/cnda.qc.ca\/en\/wp-json\/wp\/v2\/media\/2127"}],"wp:attachment":[{"href":"https:\/\/cnda.qc.ca\/en\/wp-json\/wp\/v2\/media?parent=5078"}],"curies":[{"name":"wp","href":"https:\/\/api.w.org\/{rel}","templated":true}]}}