{"id":5081,"date":"2023-08-31T15:06:44","date_gmt":"2023-08-31T20:06:44","guid":{"rendered":"https:\/\/cnda.qc.ca\/portes-ouvertes\/"},"modified":"2023-08-31T15:06:44","modified_gmt":"2023-08-31T20:06:44","slug":"portes-ouvertes","status":"publish","type":"page","link":"https:\/\/cnda.qc.ca\/en\/portes-ouvertes\/","title":{"rendered":"Portes ouvertes"},"content":{"rendered":"<p>[et_pb_section fb_built=&#8221;1&#8243; _builder_version=&#8221;4.19.4&#8243; _module_preset=&#8221;default&#8221; custom_margin=&#8221;-13px|||||&#8221; custom_padding=&#8221;1px|||||&#8221; locked=&#8221;off&#8221; global_colors_info=&#8221;{}&#8221;][et_pb_row _builder_version=&#8221;4.26.0&#8243; _module_preset=&#8221;default&#8221; global_colors_info=&#8221;{}&#8221;][et_pb_column type=&#8221;4_4&#8243; _builder_version=&#8221;4.26.0&#8243; _module_preset=&#8221;default&#8221; global_colors_info=&#8221;{}&#8221;][et_pb_text _builder_version=&#8221;4.26.0&#8243; _module_preset=&#8221;default&#8221; header_font_size=&#8221;41px&#8221; hover_enabled=&#8221;0&#8243; global_colors_info=&#8221;{}&#8221; sticky_enabled=&#8221;0&#8243;]<\/p>\n<h2>Portes ouvertes 2025<\/h2>\n<p>[\/et_pb_text][\/et_pb_column][\/et_pb_row][et_pb_row column_structure=&#8221;1_2,1_2&#8243; _builder_version=&#8221;4.19.4&#8243; _module_preset=&#8221;default&#8221; custom_padding=&#8221;0px|||||&#8221; global_colors_info=&#8221;{}&#8221;][et_pb_column type=&#8221;1_2&#8243; _builder_version=&#8221;4.19.4&#8243; _module_preset=&#8221;default&#8221; global_colors_info=&#8221;{}&#8221;][et_pb_image src=&#8221;https:\/\/cnda.qc.ca\/wp-content\/uploads\/2023\/01\/Avant-du-college.jpg&#8221; title_text=&#8221;Avant-du-college&#8221; _builder_version=&#8221;4.19.4&#8243; _module_preset=&#8221;default&#8221; background_image=&#8221;https:\/\/cnda.qc.ca\/wp-content\/uploads\/2023\/01\/Avant-du-college.jpg&#8221; global_colors_info=&#8221;{}&#8221;][\/et_pb_image][\/et_pb_column][et_pb_column type=&#8221;1_2&#8243; _builder_version=&#8221;4.19.4&#8243; _module_preset=&#8221;default&#8221; global_colors_info=&#8221;{}&#8221;][et_pb_text _builder_version=&#8221;4.26.0&#8243; _module_preset=&#8221;default&#8221; text_font_size=&#8221;16px&#8221; min_height=&#8221;101px&#8221; global_colors_info=&#8221;{}&#8221;]<\/p>\n<p style=\"text-align: justify;\">Les portes ouvertes du <a href=\"https:\/\/cnda.qc.ca\/en\/le-cnda\/\">CNDA<\/a> auront lieu le 5 octobre prochain de 9h \u00e0 12h. Cette journ\u00e9e est une occasion unique de poser vos questions, rencontrer les membres du personnel et visiter notre \u00e9tablissement dans une ambiance familiale et chaleureuse. Des \u00e9l\u00e8ves seront \u00e9galement pr\u00e9sents afin de vous faire part de leur exp\u00e9rience au CNDA.<\/p>\n<p style=\"text-align: justify;\">Aucune prise de rendez-vous requise!<\/p>\n<p style=\"text-align: justify;\">Nous avons h\u00e2te de vous recevoir dans notre \u00e9tablissement!<\/p>\n<p style=\"text-align: justify;\">Pour plus d&#8217;informations, veuillez contacter M.C\u00e9dric Bellerose au <a href=\"mailto:cbellerose@educnda.com\">cbellerose@educnda.com.<\/a><\/p>\n<p>[\/et_pb_text][\/et_pb_column][\/et_pb_row][\/et_pb_section]<\/p>\n","protected":false},"excerpt":{"rendered":"<p>Portes ouvertes 2025Les portes ouvertes du CNDA auront lieu le 5 octobre prochain de 9h \u00e0 12h. Cette journ\u00e9e est une occasion unique de poser vos questions, rencontrer les membres du personnel et visiter notre \u00e9tablissement dans une ambiance familiale et chaleureuse. Des \u00e9l\u00e8ves seront \u00e9galement pr\u00e9sents afin de vous faire part de leur exp\u00e9rience [&hellip;]<\/p>\n","protected":false},"author":4,"featured_media":2480,"parent":0,"menu_order":0,"comment_status":"closed","ping_status":"closed","template":"","meta":{"_acf_changed":false,"_et_pb_use_builder":"on","_et_pb_old_content":"","_et_gb_content_width":"","footnotes":""},"class_list":["post-5081","page","type-page","status-publish","has-post-thumbnail","hentry"],"acf":[],"yoast_head":"<!-- This site is optimized with the Yoast SEO plugin v27.6 - https:\/\/yoast.com\/product\/yoast-seo-wordpress\/ -->\n<title>Portes ouvertes - Coll\u00e8ge Notre-Dame-de-l&#039;Assomption<\/title>\n<meta name=\"robots\" content=\"index, follow, max-snippet:-1, max-image-preview:large, max-video-preview:-1\" \/>\n<link rel=\"canonical\" href=\"https:\/\/cnda.qc.ca\/en\/portes-ouvertes\/\" \/>\n<meta property=\"og:locale\" content=\"en_US\" \/>\n<meta property=\"og:type\" content=\"article\" \/>\n<meta property=\"og:title\" content=\"Portes ouvertes - Coll\u00e8ge Notre-Dame-de-l&#039;Assomption\" \/>\n<meta property=\"og:description\" content=\"Portes ouvertes 2025Les portes ouvertes du CNDA auront lieu le 5 octobre prochain de 9h \u00e0 12h. Cette journ\u00e9e est une occasion unique de poser vos questions, rencontrer les membres du personnel et visiter notre \u00e9tablissement dans une ambiance familiale et chaleureuse. Des \u00e9l\u00e8ves seront \u00e9galement pr\u00e9sents afin de vous faire part de leur exp\u00e9rience [&hellip;]\" \/>\n<meta property=\"og:site_name\" content=\"Coll\u00e8ge Notre-Dame-de-l&#039;Assomption\" \/>\n<meta property=\"og:image\" content=\"https:\/\/cnda.qc.ca\/wp-content\/uploads\/2023\/01\/Avant-du-college.jpg\" \/>\n\t<meta property=\"og:image:width\" content=\"800\" \/>\n\t<meta property=\"og:image:height\" content=\"600\" \/>\n\t<meta property=\"og:image:type\" content=\"image\/jpeg\" \/>\n<meta name=\"twitter:card\" content=\"summary_large_image\" \/>\n<script type=\"application\/ld+json\" class=\"yoast-schema-graph\">{\"@context\":\"https:\\\/\\\/schema.org\",\"@graph\":[{\"@type\":\"WebPage\",\"@id\":\"https:\\\/\\\/cnda.qc.ca\\\/en\\\/portes-ouvertes\\\/\",\"url\":\"https:\\\/\\\/cnda.qc.ca\\\/en\\\/portes-ouvertes\\\/\",\"name\":\"Portes ouvertes - Coll\u00e8ge Notre-Dame-de-l&#039;Assomption\",\"isPartOf\":{\"@id\":\"https:\\\/\\\/cnda.qc.ca\\\/#website\"},\"primaryImageOfPage\":{\"@id\":\"https:\\\/\\\/cnda.qc.ca\\\/en\\\/portes-ouvertes\\\/#primaryimage\"},\"image\":{\"@id\":\"https:\\\/\\\/cnda.qc.ca\\\/en\\\/portes-ouvertes\\\/#primaryimage\"},\"thumbnailUrl\":\"https:\\\/\\\/cnda.qc.ca\\\/wp-content\\\/uploads\\\/2023\\\/01\\\/Avant-du-college.jpg\",\"datePublished\":\"2023-08-31T20:06:44+00:00\",\"breadcrumb\":{\"@id\":\"https:\\\/\\\/cnda.qc.ca\\\/en\\\/portes-ouvertes\\\/#breadcrumb\"},\"inLanguage\":\"en-US\",\"potentialAction\":[{\"@type\":\"ReadAction\",\"target\":[\"https:\\\/\\\/cnda.qc.ca\\\/en\\\/portes-ouvertes\\\/\"]}]},{\"@type\":\"ImageObject\",\"inLanguage\":\"en-US\",\"@id\":\"https:\\\/\\\/cnda.qc.ca\\\/en\\\/portes-ouvertes\\\/#primaryimage\",\"url\":\"https:\\\/\\\/cnda.qc.ca\\\/wp-content\\\/uploads\\\/2023\\\/01\\\/Avant-du-college.jpg\",\"contentUrl\":\"https:\\\/\\\/cnda.qc.ca\\\/wp-content\\\/uploads\\\/2023\\\/01\\\/Avant-du-college.jpg\",\"width\":800,\"height\":600,\"caption\":\"CNDA vu du devant pour les portes ouvertes\"},{\"@type\":\"BreadcrumbList\",\"@id\":\"https:\\\/\\\/cnda.qc.ca\\\/en\\\/portes-ouvertes\\\/#breadcrumb\",\"itemListElement\":[{\"@type\":\"ListItem\",\"position\":1,\"name\":\"Accueil\",\"item\":\"https:\\\/\\\/cnda.qc.ca\\\/\"},{\"@type\":\"ListItem\",\"position\":2,\"name\":\"Portes ouvertes\"}]},{\"@type\":\"WebSite\",\"@id\":\"https:\\\/\\\/cnda.qc.ca\\\/#website\",\"url\":\"https:\\\/\\\/cnda.qc.ca\\\/\",\"name\":\"Coll\u00e8ge Notre-Dame-de-l'Assomption\",\"description\":\"Coll\u00e8ge Notre-Dame-de-l&#039;Assomption\",\"publisher\":{\"@id\":\"https:\\\/\\\/cnda.qc.ca\\\/#organization\"},\"potentialAction\":[{\"@type\":\"SearchAction\",\"target\":{\"@type\":\"EntryPoint\",\"urlTemplate\":\"https:\\\/\\\/cnda.qc.ca\\\/?s={search_term_string}\"},\"query-input\":{\"@type\":\"PropertyValueSpecification\",\"valueRequired\":true,\"valueName\":\"search_term_string\"}}],\"inLanguage\":\"en-US\"},{\"@type\":\"Organization\",\"@id\":\"https:\\\/\\\/cnda.qc.ca\\\/#organization\",\"name\":\"Coll\u00e8ge Notre-Dame-de-l'Assomption\",\"url\":\"https:\\\/\\\/cnda.qc.ca\\\/\",\"logo\":{\"@type\":\"ImageObject\",\"inLanguage\":\"en-US\",\"@id\":\"https:\\\/\\\/cnda.qc.ca\\\/#\\\/schema\\\/logo\\\/image\\\/\",\"url\":\"https:\\\/\\\/cnda.qc.ca\\\/wp-content\\\/uploads\\\/2022\\\/09\\\/cropped-favicon.png\",\"contentUrl\":\"https:\\\/\\\/cnda.qc.ca\\\/wp-content\\\/uploads\\\/2022\\\/09\\\/cropped-favicon.png\",\"width\":512,\"height\":512,\"caption\":\"Coll\u00e8ge Notre-Dame-de-l'Assomption\"},\"image\":{\"@id\":\"https:\\\/\\\/cnda.qc.ca\\\/#\\\/schema\\\/logo\\\/image\\\/\"}}]}<\/script>\n<!-- \/ Yoast SEO plugin. -->","yoast_head_json":{"title":"Portes ouvertes - Coll\u00e8ge Notre-Dame-de-l&#039;Assomption","robots":{"index":"index","follow":"follow","max-snippet":"max-snippet:-1","max-image-preview":"max-image-preview:large","max-video-preview":"max-video-preview:-1"},"canonical":"https:\/\/cnda.qc.ca\/en\/portes-ouvertes\/","og_locale":"en_US","og_type":"article","og_title":"Portes ouvertes - Coll\u00e8ge Notre-Dame-de-l&#039;Assomption","og_description":"Portes ouvertes 2025Les portes ouvertes du CNDA auront lieu le 5 octobre prochain de 9h \u00e0 12h. Cette journ\u00e9e est une occasion unique de poser vos questions, rencontrer les membres du personnel et visiter notre \u00e9tablissement dans une ambiance familiale et chaleureuse. Des \u00e9l\u00e8ves seront \u00e9galement pr\u00e9sents afin de vous faire part de leur exp\u00e9rience [&hellip;]","og_site_name":"Coll\u00e8ge Notre-Dame-de-l&#039;Assomption","og_image":[{"width":800,"height":600,"url":"https:\/\/cnda.qc.ca\/wp-content\/uploads\/2023\/01\/Avant-du-college.jpg","type":"image\/jpeg"}],"twitter_card":"summary_large_image","schema":{"@context":"https:\/\/schema.org","@graph":[{"@type":"WebPage","@id":"https:\/\/cnda.qc.ca\/en\/portes-ouvertes\/","url":"https:\/\/cnda.qc.ca\/en\/portes-ouvertes\/","name":"Portes ouvertes - Coll\u00e8ge Notre-Dame-de-l&#039;Assomption","isPartOf":{"@id":"https:\/\/cnda.qc.ca\/#website"},"primaryImageOfPage":{"@id":"https:\/\/cnda.qc.ca\/en\/portes-ouvertes\/#primaryimage"},"image":{"@id":"https:\/\/cnda.qc.ca\/en\/portes-ouvertes\/#primaryimage"},"thumbnailUrl":"https:\/\/cnda.qc.ca\/wp-content\/uploads\/2023\/01\/Avant-du-college.jpg","datePublished":"2023-08-31T20:06:44+00:00","breadcrumb":{"@id":"https:\/\/cnda.qc.ca\/en\/portes-ouvertes\/#breadcrumb"},"inLanguage":"en-US","potentialAction":[{"@type":"ReadAction","target":["https:\/\/cnda.qc.ca\/en\/portes-ouvertes\/"]}]},{"@type":"ImageObject","inLanguage":"en-US","@id":"https:\/\/cnda.qc.ca\/en\/portes-ouvertes\/#primaryimage","url":"https:\/\/cnda.qc.ca\/wp-content\/uploads\/2023\/01\/Avant-du-college.jpg","contentUrl":"https:\/\/cnda.qc.ca\/wp-content\/uploads\/2023\/01\/Avant-du-college.jpg","width":800,"height":600,"caption":"CNDA vu du devant pour les portes ouvertes"},{"@type":"BreadcrumbList","@id":"https:\/\/cnda.qc.ca\/en\/portes-ouvertes\/#breadcrumb","itemListElement":[{"@type":"ListItem","position":1,"name":"Accueil","item":"https:\/\/cnda.qc.ca\/"},{"@type":"ListItem","position":2,"name":"Portes ouvertes"}]},{"@type":"WebSite","@id":"https:\/\/cnda.qc.ca\/#website","url":"https:\/\/cnda.qc.ca\/","name":"Coll\u00e8ge Notre-Dame-de-l'Assomption","description":"Coll\u00e8ge Notre-Dame-de-l&#039;Assomption","publisher":{"@id":"https:\/\/cnda.qc.ca\/#organization"},"potentialAction":[{"@type":"SearchAction","target":{"@type":"EntryPoint","urlTemplate":"https:\/\/cnda.qc.ca\/?s={search_term_string}"},"query-input":{"@type":"PropertyValueSpecification","valueRequired":true,"valueName":"search_term_string"}}],"inLanguage":"en-US"},{"@type":"Organization","@id":"https:\/\/cnda.qc.ca\/#organization","name":"Coll\u00e8ge Notre-Dame-de-l'Assomption","url":"https:\/\/cnda.qc.ca\/","logo":{"@type":"ImageObject","inLanguage":"en-US","@id":"https:\/\/cnda.qc.ca\/#\/schema\/logo\/image\/","url":"https:\/\/cnda.qc.ca\/wp-content\/uploads\/2022\/09\/cropped-favicon.png","contentUrl":"https:\/\/cnda.qc.ca\/wp-content\/uploads\/2022\/09\/cropped-favicon.png","width":512,"height":512,"caption":"Coll\u00e8ge Notre-Dame-de-l'Assomption"},"image":{"@id":"https:\/\/cnda.qc.ca\/#\/schema\/logo\/image\/"}}]}},"_links":{"self":[{"href":"https:\/\/cnda.qc.ca\/en\/wp-json\/wp\/v2\/pages\/5081","targetHints":{"allow":["GET"]}}],"collection":[{"href":"https:\/\/cnda.qc.ca\/en\/wp-json\/wp\/v2\/pages"}],"about":[{"href":"https:\/\/cnda.qc.ca\/en\/wp-json\/wp\/v2\/types\/page"}],"author":[{"embeddable":true,"href":"https:\/\/cnda.qc.ca\/en\/wp-json\/wp\/v2\/users\/4"}],"replies":[{"embeddable":true,"href":"https:\/\/cnda.qc.ca\/en\/wp-json\/wp\/v2\/comments?post=5081"}],"version-history":[{"count":0,"href":"https:\/\/cnda.qc.ca\/en\/wp-json\/wp\/v2\/pages\/5081\/revisions"}],"wp:featuredmedia":[{"embeddable":true,"href":"https:\/\/cnda.qc.ca\/en\/wp-json\/wp\/v2\/media\/2480"}],"wp:attachment":[{"href":"https:\/\/cnda.qc.ca\/en\/wp-json\/wp\/v2\/media?parent=5081"}],"curies":[{"name":"wp","href":"https:\/\/api.w.org\/{rel}","templated":true}]}}